{"id":2196,"date":"2022-04-12T15:39:07","date_gmt":"2022-04-12T13:39:07","guid":{"rendered":"https:\/\/enagrom.ovh\/handiespoir\/?page_id=2196"},"modified":"2022-05-04T09:25:13","modified_gmt":"2022-05-04T07:25:13","slug":"accueil-de-jour","status":"publish","type":"page","link":"https:\/\/enagrom.ovh\/handiespoir\/accueil-de-jour\/","title":{"rendered":"Accueil de jour"},"content":{"rendered":"\t\t<div data-elementor-type=\"wp-page\" data-elementor-id=\"2196\" class=\"elementor elementor-2196\">\n\t\t\t\t\t\t<section class=\"elementor-section elementor-top-section elementor-element elementor-element-eb4f384 elementor-section-boxed elementor-section-height-default elementor-section-height-default\" data-id=\"eb4f384\" data-element_type=\"section\" data-e-type=\"section\">\n\t\t\t\t\t\t<div class=\"elementor-container elementor-column-gap-default\">\n\t\t\t\t\t<div class=\"elementor-column elementor-col-16 elementor-top-column elementor-element elementor-element-5d8175c\" data-id=\"5d8175c\" data-element_type=\"column\" data-e-type=\"column\">\n\t\t\t<div class=\"elementor-widget-wrap\">\n\t\t\t\t\t\t\t<\/div>\n\t\t<\/div>\n\t\t\t\t<div class=\"elementor-column elementor-col-66 elementor-top-column elementor-element elementor-element-b624c00\" data-id=\"b624c00\" data-element_type=\"column\" data-e-type=\"column\">\n\t\t\t<div class=\"elementor-widget-wrap elementor-element-populated\">\n\t\t\t\t\t\t<div class=\"elementor-element elementor-element-84997ea elementor-widget elementor-widget-image\" data-id=\"84997ea\" data-element_type=\"widget\" data-e-type=\"widget\" data-widget_type=\"image.default\">\n\t\t\t\t<div class=\"elementor-widget-container\">\n\t\t\t\t\t\t\t\t\t\t\t\t\t\t\t<img fetchpriority=\"high\" decoding=\"async\" width=\"696\" height=\"464\" src=\"https:\/\/enagrom.ovh\/handiespoir\/wp-content\/uploads\/2022\/04\/adj1.jpg\" class=\"attachment-large size-large wp-image-2376\" alt=\"\" srcset=\"https:\/\/enagrom.ovh\/handiespoir\/wp-content\/uploads\/2022\/04\/adj1.jpg 800w, https:\/\/enagrom.ovh\/handiespoir\/wp-content\/uploads\/2022\/04\/adj1-300x200.jpg 300w, https:\/\/enagrom.ovh\/handiespoir\/wp-content\/uploads\/2022\/04\/adj1-768x512.jpg 768w\" sizes=\"(max-width: 696px) 100vw, 696px\" \/>\t\t\t\t\t\t\t\t\t\t\t\t\t\t\t<\/div>\n\t\t\t\t<\/div>\n\t\t\t\t\t<\/div>\n\t\t<\/div>\n\t\t\t\t<div class=\"elementor-column elementor-col-16 elementor-top-column elementor-element elementor-element-5d2a656\" data-id=\"5d2a656\" data-element_type=\"column\" data-e-type=\"column\">\n\t\t\t<div class=\"elementor-widget-wrap\">\n\t\t\t\t\t\t\t<\/div>\n\t\t<\/div>\n\t\t\t\t\t<\/div>\n\t\t<\/section>\n\t\t\t\t<section class=\"elementor-section elementor-top-section elementor-element elementor-element-5bbaee3 elementor-section-boxed elementor-section-height-default elementor-section-height-default\" data-id=\"5bbaee3\" data-element_type=\"section\" data-e-type=\"section\">\n\t\t\t\t\t\t<div class=\"elementor-container elementor-column-gap-default\">\n\t\t\t\t\t<div class=\"elementor-column elementor-col-100 elementor-top-column elementor-element elementor-element-c03cb89\" data-id=\"c03cb89\" data-element_type=\"column\" data-e-type=\"column\">\n\t\t\t<div class=\"elementor-widget-wrap elementor-element-populated\">\n\t\t\t\t\t\t<section class=\"elementor-section elementor-inner-section elementor-element elementor-element-5580584 elementor-section-boxed elementor-section-height-default elementor-section-height-default\" data-id=\"5580584\" data-element_type=\"section\" data-e-type=\"section\">\n\t\t\t\t\t\t<div class=\"elementor-container elementor-column-gap-default\">\n\t\t\t\t\t<div class=\"elementor-column elementor-col-50 elementor-inner-column elementor-element elementor-element-f75e7eb\" data-id=\"f75e7eb\" data-element_type=\"column\" data-e-type=\"column\">\n\t\t\t<div class=\"elementor-widget-wrap elementor-element-populated\">\n\t\t\t\t\t\t<div class=\"elementor-element elementor-element-52c71dd elementor-widget elementor-widget-text-editor\" data-id=\"52c71dd\" data-element_type=\"widget\" data-e-type=\"widget\" data-widget_type=\"text-editor.default\">\n\t\t\t\t<div class=\"elementor-widget-container\">\n\t\t\t\t\t\t\t\t\t<p>Les 5 accueils de jour de l\u2019Association ont aujourd\u2019hui une place essentielle\u00a0: r\u00e9partis sur l\u2019ensemble du d\u00e9partement, ils permettent le maintien de la vie \u00e0 domicile, de rompre la solitude et favoriser la socialisation, et donner du souffle aux proches aidants.<\/p><p>Les personnes accueillies sont en situation de handicap (moteur, psychique, cognitif\u2026)\u00a0 et b\u00e9n\u00e9ficient d\u2019une orientation de la MDPH\u00a0 (FO, FAM\u2026) Elles b\u00e9n\u00e9ficient en moyenne d\u2019un accueil de 2 jours par semaine\u00a0;<\/p><p>\u00a0<\/p><p>Les accueils de jour sont anim\u00e9s par 2 professionnels qui assurent \u00e0 la journ\u00e9e l\u2019accompagnement individuel et collectif au travers d\u2019animation, d\u2019ateliers, d\u2019activit\u00e9s et de sorties.<\/p><p>\u00a0<\/p><p>\u00a0<\/p><ul><li>ADJ LES 3 LACS \u00e0 Co\u00ebx<\/li><li>ADJ LA PLAINE \u00e0 Lu\u00e7on<\/li><li>ADJ GRAINES DES VENTS \u00e0 Mouilleron le Captif<\/li><li>ADJ OCEAN au Ch\u00e2teau d\u2019Olonne<\/li><li>ADJ L\u2019ENTRE DEUX \u00e0 Notre Dame de Monts<\/li><\/ul><p>\u00a0<\/p><p>\u00a0<\/p><p>Pour tout renseignement\u00a0:\u00a0 02 51 24 31\u00a089\u00a0\u00a0\u00a0\u00a0\u00a0\u00a0\u00a0\u00a0\u00a0\u00a0\u00a0\u00a0\u00a0\u00a0\u00a0\u00a0\u00a0\u00a0 accueil.adj@handiespoir.fr<\/p>\t\t\t\t\t\t\t\t<\/div>\n\t\t\t\t<\/div>\n\t\t\t\t\t<\/div>\n\t\t<\/div>\n\t\t\t\t<div class=\"elementor-column elementor-col-50 elementor-inner-column elementor-element elementor-element-9a53707\" data-id=\"9a53707\" data-element_type=\"column\" data-e-type=\"column\">\n\t\t\t<div class=\"elementor-widget-wrap\">\n\t\t\t\t\t\t\t<\/div>\n\t\t<\/div>\n\t\t\t\t\t<\/div>\n\t\t<\/section>\n\t\t\t\t\t<\/div>\n\t\t<\/div>\n\t\t\t\t\t<\/div>\n\t\t<\/section>\n\t\t\t\t<\/div>\n\t\t","protected":false},"excerpt":{"rendered":"<p>Les 5 accueils de jour de l\u2019Association ont aujourd\u2019hui une place essentielle\u00a0: r\u00e9partis sur l\u2019ensemble du d\u00e9partement, ils permettent le maintien de la vie \u00e0 domicile, de rompre la solitude et favoriser la socialisation, et donner du souffle aux proches aidants. Les personnes accueillies sont en situation de handicap (moteur, psychique, cognitif\u2026)\u00a0 et b\u00e9n\u00e9ficient d\u2019une [&hellip;]<\/p>\n","protected":false},"author":2,"featured_media":0,"parent":0,"menu_order":0,"comment_status":"closed","ping_status":"closed","template":"template-fullwidth.php","meta":{"footnotes":""},"class_list":["post-2196","page","type-page","status-publish","hentry"],"yoast_head":"<!-- This site is optimized with the Yoast SEO plugin v27.5 - https:\/\/yoast.com\/product\/yoast-seo-wordpress\/ -->\n<title>Accueil de jour - Handi-Espoir<\/title>\n<meta name=\"robots\" content=\"index, follow, max-snippet:-1, max-image-preview:large, max-video-preview:-1\" \/>\n<link rel=\"canonical\" href=\"https:\/\/enagrom.ovh\/handiespoir\/accueil-de-jour\/\" \/>\n<meta property=\"og:locale\" content=\"fr_FR\" \/>\n<meta property=\"og:type\" content=\"article\" \/>\n<meta property=\"og:title\" content=\"Accueil de jour - Handi-Espoir\" \/>\n<meta property=\"og:description\" content=\"Les 5 accueils de jour de l\u2019Association ont aujourd\u2019hui une place essentielle\u00a0: r\u00e9partis sur l\u2019ensemble du d\u00e9partement, ils permettent le maintien de la vie \u00e0 domicile, de rompre la solitude et favoriser la socialisation, et donner du souffle aux proches aidants. Les personnes accueillies sont en situation de handicap (moteur, psychique, cognitif\u2026)\u00a0 et b\u00e9n\u00e9ficient d\u2019une [&hellip;]\" \/>\n<meta property=\"og:url\" content=\"https:\/\/enagrom.ovh\/handiespoir\/accueil-de-jour\/\" \/>\n<meta property=\"og:site_name\" content=\"Handi-Espoir\" \/>\n<meta property=\"article:publisher\" content=\"https:\/\/www.facebook.com\/Association-Handi-Espoir-1609929219256524\/\" \/>\n<meta property=\"article:modified_time\" content=\"2022-05-04T07:25:13+00:00\" \/>\n<meta property=\"og:image\" content=\"https:\/\/enagrom.ovh\/handiespoir\/wp-content\/uploads\/2022\/04\/adj1.jpg\" \/>\n<meta name=\"twitter:card\" content=\"summary_large_image\" \/>\n<meta name=\"twitter:label1\" content=\"Dur\u00e9e de lecture estim\u00e9e\" \/>\n\t<meta name=\"twitter:data1\" content=\"1 minute\" \/>\n<script type=\"application\/ld+json\" class=\"yoast-schema-graph\">{\"@context\":\"https:\\\/\\\/schema.org\",\"@graph\":[{\"@type\":\"WebPage\",\"@id\":\"https:\\\/\\\/enagrom.ovh\\\/handiespoir\\\/accueil-de-jour\\\/\",\"url\":\"https:\\\/\\\/enagrom.ovh\\\/handiespoir\\\/accueil-de-jour\\\/\",\"name\":\"Accueil de jour - Handi-Espoir\",\"isPartOf\":{\"@id\":\"https:\\\/\\\/enagrom.ovh\\\/handiespoir\\\/#website\"},\"primaryImageOfPage\":{\"@id\":\"https:\\\/\\\/enagrom.ovh\\\/handiespoir\\\/accueil-de-jour\\\/#primaryimage\"},\"image\":{\"@id\":\"https:\\\/\\\/enagrom.ovh\\\/handiespoir\\\/accueil-de-jour\\\/#primaryimage\"},\"thumbnailUrl\":\"https:\\\/\\\/enagrom.ovh\\\/handiespoir\\\/wp-content\\\/uploads\\\/2022\\\/04\\\/adj1.jpg\",\"datePublished\":\"2022-04-12T13:39:07+00:00\",\"dateModified\":\"2022-05-04T07:25:13+00:00\",\"breadcrumb\":{\"@id\":\"https:\\\/\\\/enagrom.ovh\\\/handiespoir\\\/accueil-de-jour\\\/#breadcrumb\"},\"inLanguage\":\"fr-FR\",\"potentialAction\":[{\"@type\":\"ReadAction\",\"target\":[\"https:\\\/\\\/enagrom.ovh\\\/handiespoir\\\/accueil-de-jour\\\/\"]}]},{\"@type\":\"ImageObject\",\"inLanguage\":\"fr-FR\",\"@id\":\"https:\\\/\\\/enagrom.ovh\\\/handiespoir\\\/accueil-de-jour\\\/#primaryimage\",\"url\":\"https:\\\/\\\/enagrom.ovh\\\/handiespoir\\\/wp-content\\\/uploads\\\/2022\\\/04\\\/adj1.jpg\",\"contentUrl\":\"https:\\\/\\\/enagrom.ovh\\\/handiespoir\\\/wp-content\\\/uploads\\\/2022\\\/04\\\/adj1.jpg\",\"width\":800,\"height\":533},{\"@type\":\"BreadcrumbList\",\"@id\":\"https:\\\/\\\/enagrom.ovh\\\/handiespoir\\\/accueil-de-jour\\\/#breadcrumb\",\"itemListElement\":[{\"@type\":\"ListItem\",\"position\":1,\"name\":\"Accueil\",\"item\":\"https:\\\/\\\/enagrom.ovh\\\/handiespoir\\\/\"},{\"@type\":\"ListItem\",\"position\":2,\"name\":\"Accueil de jour\"}]},{\"@type\":\"WebSite\",\"@id\":\"https:\\\/\\\/enagrom.ovh\\\/handiespoir\\\/#website\",\"url\":\"https:\\\/\\\/enagrom.ovh\\\/handiespoir\\\/\",\"name\":\"Handi-Espoir\",\"description\":\"\u00catre au service des personnes handicap\u00e9es et de leurs proches\",\"publisher\":{\"@id\":\"https:\\\/\\\/enagrom.ovh\\\/handiespoir\\\/#organization\"},\"potentialAction\":[{\"@type\":\"SearchAction\",\"target\":{\"@type\":\"EntryPoint\",\"urlTemplate\":\"https:\\\/\\\/enagrom.ovh\\\/handiespoir\\\/?s={search_term_string}\"},\"query-input\":{\"@type\":\"PropertyValueSpecification\",\"valueRequired\":true,\"valueName\":\"search_term_string\"}}],\"inLanguage\":\"fr-FR\"},{\"@type\":\"Organization\",\"@id\":\"https:\\\/\\\/enagrom.ovh\\\/handiespoir\\\/#organization\",\"name\":\"Handi-Espoir\",\"url\":\"https:\\\/\\\/enagrom.ovh\\\/handiespoir\\\/\",\"logo\":{\"@type\":\"ImageObject\",\"inLanguage\":\"fr-FR\",\"@id\":\"https:\\\/\\\/enagrom.ovh\\\/handiespoir\\\/#\\\/schema\\\/logo\\\/image\\\/\",\"url\":\"https:\\\/\\\/enagrom.ovh\\\/handiespoir\\\/wp-content\\\/uploads\\\/2021\\\/05\\\/cropped-logo-handi-espoir.png\",\"contentUrl\":\"https:\\\/\\\/enagrom.ovh\\\/handiespoir\\\/wp-content\\\/uploads\\\/2021\\\/05\\\/cropped-logo-handi-espoir.png\",\"width\":537,\"height\":338,\"caption\":\"Handi-Espoir\"},\"image\":{\"@id\":\"https:\\\/\\\/enagrom.ovh\\\/handiespoir\\\/#\\\/schema\\\/logo\\\/image\\\/\"},\"sameAs\":[\"https:\\\/\\\/www.facebook.com\\\/Association-Handi-Espoir-1609929219256524\\\/\"]}]}<\/script>\n<!-- \/ Yoast SEO plugin. -->","yoast_head_json":{"title":"Accueil de jour - Handi-Espoir","robots":{"index":"index","follow":"follow","max-snippet":"max-snippet:-1","max-image-preview":"max-image-preview:large","max-video-preview":"max-video-preview:-1"},"canonical":"https:\/\/enagrom.ovh\/handiespoir\/accueil-de-jour\/","og_locale":"fr_FR","og_type":"article","og_title":"Accueil de jour - Handi-Espoir","og_description":"Les 5 accueils de jour de l\u2019Association ont aujourd\u2019hui une place essentielle\u00a0: r\u00e9partis sur l\u2019ensemble du d\u00e9partement, ils permettent le maintien de la vie \u00e0 domicile, de rompre la solitude et favoriser la socialisation, et donner du souffle aux proches aidants. Les personnes accueillies sont en situation de handicap (moteur, psychique, cognitif\u2026)\u00a0 et b\u00e9n\u00e9ficient d\u2019une [&hellip;]","og_url":"https:\/\/enagrom.ovh\/handiespoir\/accueil-de-jour\/","og_site_name":"Handi-Espoir","article_publisher":"https:\/\/www.facebook.com\/Association-Handi-Espoir-1609929219256524\/","article_modified_time":"2022-05-04T07:25:13+00:00","og_image":[{"url":"https:\/\/enagrom.ovh\/handiespoir\/wp-content\/uploads\/2022\/04\/adj1.jpg","type":"","width":"","height":""}],"twitter_card":"summary_large_image","twitter_misc":{"Dur\u00e9e de lecture estim\u00e9e":"1 minute"},"schema":{"@context":"https:\/\/schema.org","@graph":[{"@type":"WebPage","@id":"https:\/\/enagrom.ovh\/handiespoir\/accueil-de-jour\/","url":"https:\/\/enagrom.ovh\/handiespoir\/accueil-de-jour\/","name":"Accueil de jour - Handi-Espoir","isPartOf":{"@id":"https:\/\/enagrom.ovh\/handiespoir\/#website"},"primaryImageOfPage":{"@id":"https:\/\/enagrom.ovh\/handiespoir\/accueil-de-jour\/#primaryimage"},"image":{"@id":"https:\/\/enagrom.ovh\/handiespoir\/accueil-de-jour\/#primaryimage"},"thumbnailUrl":"https:\/\/enagrom.ovh\/handiespoir\/wp-content\/uploads\/2022\/04\/adj1.jpg","datePublished":"2022-04-12T13:39:07+00:00","dateModified":"2022-05-04T07:25:13+00:00","breadcrumb":{"@id":"https:\/\/enagrom.ovh\/handiespoir\/accueil-de-jour\/#breadcrumb"},"inLanguage":"fr-FR","potentialAction":[{"@type":"ReadAction","target":["https:\/\/enagrom.ovh\/handiespoir\/accueil-de-jour\/"]}]},{"@type":"ImageObject","inLanguage":"fr-FR","@id":"https:\/\/enagrom.ovh\/handiespoir\/accueil-de-jour\/#primaryimage","url":"https:\/\/enagrom.ovh\/handiespoir\/wp-content\/uploads\/2022\/04\/adj1.jpg","contentUrl":"https:\/\/enagrom.ovh\/handiespoir\/wp-content\/uploads\/2022\/04\/adj1.jpg","width":800,"height":533},{"@type":"BreadcrumbList","@id":"https:\/\/enagrom.ovh\/handiespoir\/accueil-de-jour\/#breadcrumb","itemListElement":[{"@type":"ListItem","position":1,"name":"Accueil","item":"https:\/\/enagrom.ovh\/handiespoir\/"},{"@type":"ListItem","position":2,"name":"Accueil de jour"}]},{"@type":"WebSite","@id":"https:\/\/enagrom.ovh\/handiespoir\/#website","url":"https:\/\/enagrom.ovh\/handiespoir\/","name":"Handi-Espoir","description":"\u00catre au service des personnes handicap\u00e9es et de leurs proches","publisher":{"@id":"https:\/\/enagrom.ovh\/handiespoir\/#organization"},"potentialAction":[{"@type":"SearchAction","target":{"@type":"EntryPoint","urlTemplate":"https:\/\/enagrom.ovh\/handiespoir\/?s={search_term_string}"},"query-input":{"@type":"PropertyValueSpecification","valueRequired":true,"valueName":"search_term_string"}}],"inLanguage":"fr-FR"},{"@type":"Organization","@id":"https:\/\/enagrom.ovh\/handiespoir\/#organization","name":"Handi-Espoir","url":"https:\/\/enagrom.ovh\/handiespoir\/","logo":{"@type":"ImageObject","inLanguage":"fr-FR","@id":"https:\/\/enagrom.ovh\/handiespoir\/#\/schema\/logo\/image\/","url":"https:\/\/enagrom.ovh\/handiespoir\/wp-content\/uploads\/2021\/05\/cropped-logo-handi-espoir.png","contentUrl":"https:\/\/enagrom.ovh\/handiespoir\/wp-content\/uploads\/2021\/05\/cropped-logo-handi-espoir.png","width":537,"height":338,"caption":"Handi-Espoir"},"image":{"@id":"https:\/\/enagrom.ovh\/handiespoir\/#\/schema\/logo\/image\/"},"sameAs":["https:\/\/www.facebook.com\/Association-Handi-Espoir-1609929219256524\/"]}]}},"_links":{"self":[{"href":"https:\/\/enagrom.ovh\/handiespoir\/wp-json\/wp\/v2\/pages\/2196","targetHints":{"allow":["GET"]}}],"collection":[{"href":"https:\/\/enagrom.ovh\/handiespoir\/wp-json\/wp\/v2\/pages"}],"about":[{"href":"https:\/\/enagrom.ovh\/handiespoir\/wp-json\/wp\/v2\/types\/page"}],"author":[{"embeddable":true,"href":"https:\/\/enagrom.ovh\/handiespoir\/wp-json\/wp\/v2\/users\/2"}],"replies":[{"embeddable":true,"href":"https:\/\/enagrom.ovh\/handiespoir\/wp-json\/wp\/v2\/comments?post=2196"}],"version-history":[{"count":0,"href":"https:\/\/enagrom.ovh\/handiespoir\/wp-json\/wp\/v2\/pages\/2196\/revisions"}],"wp:attachment":[{"href":"https:\/\/enagrom.ovh\/handiespoir\/wp-json\/wp\/v2\/media?parent=2196"}],"curies":[{"name":"wp","href":"https:\/\/api.w.org\/{rel}","templated":true}]}}