{"id":2204,"date":"2022-04-12T15:46:29","date_gmt":"2022-04-12T13:46:29","guid":{"rendered":"https:\/\/enagrom.ovh\/handiespoir\/?page_id=2204"},"modified":"2022-05-04T09:32:03","modified_gmt":"2022-05-04T07:32:03","slug":"hebergement-continu","status":"publish","type":"page","link":"https:\/\/enagrom.ovh\/handiespoir\/hebergement-continu\/","title":{"rendered":"H\u00e9bergement Continu"},"content":{"rendered":"\t\t<div data-elementor-type=\"wp-page\" data-elementor-id=\"2204\" class=\"elementor elementor-2204\">\n\t\t\t\t\t\t<section class=\"elementor-section elementor-top-section elementor-element elementor-element-9bfd212 elementor-section-boxed elementor-section-height-default elementor-section-height-default\" data-id=\"9bfd212\" data-element_type=\"section\" data-e-type=\"section\">\n\t\t\t\t\t\t<div class=\"elementor-container elementor-column-gap-default\">\n\t\t\t\t\t<div class=\"elementor-column elementor-col-16 elementor-top-column elementor-element elementor-element-ae4cf25\" data-id=\"ae4cf25\" data-element_type=\"column\" data-e-type=\"column\">\n\t\t\t<div class=\"elementor-widget-wrap\">\n\t\t\t\t\t\t\t<\/div>\n\t\t<\/div>\n\t\t\t\t<div class=\"elementor-column elementor-col-66 elementor-top-column elementor-element elementor-element-78f1ec9\" data-id=\"78f1ec9\" data-element_type=\"column\" data-e-type=\"column\">\n\t\t\t<div class=\"elementor-widget-wrap elementor-element-populated\">\n\t\t\t\t\t\t<div class=\"elementor-element elementor-element-986f86f elementor-widget elementor-widget-image\" data-id=\"986f86f\" data-element_type=\"widget\" data-e-type=\"widget\" data-widget_type=\"image.default\">\n\t\t\t\t<div class=\"elementor-widget-container\">\n\t\t\t\t\t\t\t\t\t\t\t\t\t\t\t<img fetchpriority=\"high\" decoding=\"async\" width=\"696\" height=\"464\" src=\"https:\/\/enagrom.ovh\/handiespoir\/wp-content\/uploads\/2022\/04\/hc1.jpg\" class=\"attachment-large size-large wp-image-2377\" alt=\"\" srcset=\"https:\/\/enagrom.ovh\/handiespoir\/wp-content\/uploads\/2022\/04\/hc1.jpg 800w, https:\/\/enagrom.ovh\/handiespoir\/wp-content\/uploads\/2022\/04\/hc1-300x200.jpg 300w, https:\/\/enagrom.ovh\/handiespoir\/wp-content\/uploads\/2022\/04\/hc1-768x512.jpg 768w\" sizes=\"(max-width: 696px) 100vw, 696px\" \/>\t\t\t\t\t\t\t\t\t\t\t\t\t\t\t<\/div>\n\t\t\t\t<\/div>\n\t\t\t\t\t<\/div>\n\t\t<\/div>\n\t\t\t\t<div class=\"elementor-column elementor-col-16 elementor-top-column elementor-element elementor-element-c4a1a62\" data-id=\"c4a1a62\" data-element_type=\"column\" data-e-type=\"column\">\n\t\t\t<div class=\"elementor-widget-wrap\">\n\t\t\t\t\t\t\t<\/div>\n\t\t<\/div>\n\t\t\t\t\t<\/div>\n\t\t<\/section>\n\t\t\t\t<section class=\"elementor-section elementor-top-section elementor-element elementor-element-5bbaee3 elementor-section-boxed elementor-section-height-default elementor-section-height-default\" data-id=\"5bbaee3\" data-element_type=\"section\" data-e-type=\"section\">\n\t\t\t\t\t\t<div class=\"elementor-container elementor-column-gap-default\">\n\t\t\t\t\t<div class=\"elementor-column elementor-col-100 elementor-top-column elementor-element elementor-element-c03cb89\" data-id=\"c03cb89\" data-element_type=\"column\" data-e-type=\"column\">\n\t\t\t<div class=\"elementor-widget-wrap elementor-element-populated\">\n\t\t\t\t\t\t<section class=\"elementor-section elementor-inner-section elementor-element elementor-element-5580584 elementor-section-boxed elementor-section-height-default elementor-section-height-default\" data-id=\"5580584\" data-element_type=\"section\" data-e-type=\"section\">\n\t\t\t\t\t\t<div class=\"elementor-container elementor-column-gap-default\">\n\t\t\t\t\t<div class=\"elementor-column elementor-col-50 elementor-inner-column elementor-element elementor-element-f75e7eb\" data-id=\"f75e7eb\" data-element_type=\"column\" data-e-type=\"column\">\n\t\t\t<div class=\"elementor-widget-wrap elementor-element-populated\">\n\t\t\t\t\t\t<div class=\"elementor-element elementor-element-52c71dd elementor-widget elementor-widget-text-editor\" data-id=\"52c71dd\" data-element_type=\"widget\" data-e-type=\"widget\" data-widget_type=\"text-editor.default\">\n\t\t\t\t<div class=\"elementor-widget-container\">\n\t\t\t\t\t\t\t\t\t<p><strong><em>En \u00e9tablissement\u00a0:<\/em><\/strong><\/p><ul><li><a href=\"https:\/\/valfleury.org\/\"><strong><em>Le Val Fleuri<\/em><\/strong>:<\/a> personnes en situation de handicap moteur\/psychique\/cognitif<\/li><li><a href=\"https:\/\/www.ventdespoir.fr\/\"><strong><em>Vent d\u2019Espoir<\/em><\/strong><\/a> pour les personnes atteintes de l\u00e9sions c\u00e9r\u00e9brales acquises<\/li><li><strong><em>R\u00e9sidence les Mouettes<\/em><\/strong> \u00e0 Talmont St Hilaire (personnes en situation de handicap troubles psychiques)<\/li><\/ul><p><strong><em>En famille d\u2019accueil\u00a0:<\/em><\/strong><\/p><p><strong><em>Le \u00ab\u00a0Petit Chez Nous\u00a0\u00bb \u00e0 Aizenay<\/em><\/strong> permet d\u2019accueillir 6 personnes en situation de handicap (accueil familial sp\u00e9cialis\u00e9)<\/p>\t\t\t\t\t\t\t\t<\/div>\n\t\t\t\t<\/div>\n\t\t\t\t\t<\/div>\n\t\t<\/div>\n\t\t\t\t<div class=\"elementor-column elementor-col-50 elementor-inner-column elementor-element elementor-element-9a53707\" data-id=\"9a53707\" data-element_type=\"column\" data-e-type=\"column\">\n\t\t\t<div class=\"elementor-widget-wrap\">\n\t\t\t\t\t\t\t<\/div>\n\t\t<\/div>\n\t\t\t\t\t<\/div>\n\t\t<\/section>\n\t\t\t\t\t<\/div>\n\t\t<\/div>\n\t\t\t\t\t<\/div>\n\t\t<\/section>\n\t\t\t\t<\/div>\n\t\t","protected":false},"excerpt":{"rendered":"<p>En \u00e9tablissement\u00a0: Le Val Fleuri: personnes en situation de handicap moteur\/psychique\/cognitif Vent d\u2019Espoir pour les personnes atteintes de l\u00e9sions c\u00e9r\u00e9brales acquises R\u00e9sidence les Mouettes \u00e0 Talmont St Hilaire (personnes en situation de handicap troubles psychiques) En famille d\u2019accueil\u00a0: Le \u00ab\u00a0Petit Chez Nous\u00a0\u00bb \u00e0 Aizenay permet d\u2019accueillir 6 personnes en situation de handicap (accueil familial sp\u00e9cialis\u00e9)<\/p>\n","protected":false},"author":2,"featured_media":0,"parent":0,"menu_order":0,"comment_status":"closed","ping_status":"closed","template":"template-fullwidth.php","meta":{"footnotes":""},"class_list":["post-2204","page","type-page","status-publish","hentry"],"yoast_head":"<!-- This site is optimized with the Yoast SEO plugin v27.5 - https:\/\/yoast.com\/product\/yoast-seo-wordpress\/ -->\n<title>H\u00e9bergement Continu - Handi-Espoir<\/title>\n<meta name=\"robots\" content=\"index, follow, max-snippet:-1, max-image-preview:large, max-video-preview:-1\" \/>\n<link rel=\"canonical\" href=\"https:\/\/enagrom.ovh\/handiespoir\/hebergement-continu\/\" \/>\n<meta property=\"og:locale\" content=\"fr_FR\" \/>\n<meta property=\"og:type\" content=\"article\" \/>\n<meta property=\"og:title\" content=\"H\u00e9bergement Continu - Handi-Espoir\" \/>\n<meta property=\"og:description\" content=\"En \u00e9tablissement\u00a0: Le Val Fleuri: personnes en situation de handicap moteur\/psychique\/cognitif Vent d\u2019Espoir pour les personnes atteintes de l\u00e9sions c\u00e9r\u00e9brales acquises R\u00e9sidence les Mouettes \u00e0 Talmont St Hilaire (personnes en situation de handicap troubles psychiques) En famille d\u2019accueil\u00a0: Le \u00ab\u00a0Petit Chez Nous\u00a0\u00bb \u00e0 Aizenay permet d\u2019accueillir 6 personnes en situation de handicap (accueil familial sp\u00e9cialis\u00e9)\" \/>\n<meta property=\"og:url\" content=\"https:\/\/enagrom.ovh\/handiespoir\/hebergement-continu\/\" \/>\n<meta property=\"og:site_name\" content=\"Handi-Espoir\" \/>\n<meta property=\"article:publisher\" content=\"https:\/\/www.facebook.com\/Association-Handi-Espoir-1609929219256524\/\" \/>\n<meta property=\"article:modified_time\" content=\"2022-05-04T07:32:03+00:00\" \/>\n<meta property=\"og:image\" content=\"https:\/\/enagrom.ovh\/handiespoir\/wp-content\/uploads\/2022\/04\/hc1.jpg\" \/>\n<meta name=\"twitter:card\" content=\"summary_large_image\" \/>\n<meta name=\"twitter:label1\" content=\"Dur\u00e9e de lecture estim\u00e9e\" \/>\n\t<meta name=\"twitter:data1\" content=\"1 minute\" \/>\n<script type=\"application\/ld+json\" class=\"yoast-schema-graph\">{\"@context\":\"https:\\\/\\\/schema.org\",\"@graph\":[{\"@type\":\"WebPage\",\"@id\":\"https:\\\/\\\/enagrom.ovh\\\/handiespoir\\\/hebergement-continu\\\/\",\"url\":\"https:\\\/\\\/enagrom.ovh\\\/handiespoir\\\/hebergement-continu\\\/\",\"name\":\"H\u00e9bergement Continu - Handi-Espoir\",\"isPartOf\":{\"@id\":\"https:\\\/\\\/enagrom.ovh\\\/handiespoir\\\/#website\"},\"primaryImageOfPage\":{\"@id\":\"https:\\\/\\\/enagrom.ovh\\\/handiespoir\\\/hebergement-continu\\\/#primaryimage\"},\"image\":{\"@id\":\"https:\\\/\\\/enagrom.ovh\\\/handiespoir\\\/hebergement-continu\\\/#primaryimage\"},\"thumbnailUrl\":\"https:\\\/\\\/enagrom.ovh\\\/handiespoir\\\/wp-content\\\/uploads\\\/2022\\\/04\\\/hc1.jpg\",\"datePublished\":\"2022-04-12T13:46:29+00:00\",\"dateModified\":\"2022-05-04T07:32:03+00:00\",\"breadcrumb\":{\"@id\":\"https:\\\/\\\/enagrom.ovh\\\/handiespoir\\\/hebergement-continu\\\/#breadcrumb\"},\"inLanguage\":\"fr-FR\",\"potentialAction\":[{\"@type\":\"ReadAction\",\"target\":[\"https:\\\/\\\/enagrom.ovh\\\/handiespoir\\\/hebergement-continu\\\/\"]}]},{\"@type\":\"ImageObject\",\"inLanguage\":\"fr-FR\",\"@id\":\"https:\\\/\\\/enagrom.ovh\\\/handiespoir\\\/hebergement-continu\\\/#primaryimage\",\"url\":\"https:\\\/\\\/enagrom.ovh\\\/handiespoir\\\/wp-content\\\/uploads\\\/2022\\\/04\\\/hc1.jpg\",\"contentUrl\":\"https:\\\/\\\/enagrom.ovh\\\/handiespoir\\\/wp-content\\\/uploads\\\/2022\\\/04\\\/hc1.jpg\",\"width\":800,\"height\":533},{\"@type\":\"BreadcrumbList\",\"@id\":\"https:\\\/\\\/enagrom.ovh\\\/handiespoir\\\/hebergement-continu\\\/#breadcrumb\",\"itemListElement\":[{\"@type\":\"ListItem\",\"position\":1,\"name\":\"Accueil\",\"item\":\"https:\\\/\\\/enagrom.ovh\\\/handiespoir\\\/\"},{\"@type\":\"ListItem\",\"position\":2,\"name\":\"H\u00e9bergement Continu\"}]},{\"@type\":\"WebSite\",\"@id\":\"https:\\\/\\\/enagrom.ovh\\\/handiespoir\\\/#website\",\"url\":\"https:\\\/\\\/enagrom.ovh\\\/handiespoir\\\/\",\"name\":\"Handi-Espoir\",\"description\":\"\u00catre au service des personnes handicap\u00e9es et de leurs proches\",\"publisher\":{\"@id\":\"https:\\\/\\\/enagrom.ovh\\\/handiespoir\\\/#organization\"},\"potentialAction\":[{\"@type\":\"SearchAction\",\"target\":{\"@type\":\"EntryPoint\",\"urlTemplate\":\"https:\\\/\\\/enagrom.ovh\\\/handiespoir\\\/?s={search_term_string}\"},\"query-input\":{\"@type\":\"PropertyValueSpecification\",\"valueRequired\":true,\"valueName\":\"search_term_string\"}}],\"inLanguage\":\"fr-FR\"},{\"@type\":\"Organization\",\"@id\":\"https:\\\/\\\/enagrom.ovh\\\/handiespoir\\\/#organization\",\"name\":\"Handi-Espoir\",\"url\":\"https:\\\/\\\/enagrom.ovh\\\/handiespoir\\\/\",\"logo\":{\"@type\":\"ImageObject\",\"inLanguage\":\"fr-FR\",\"@id\":\"https:\\\/\\\/enagrom.ovh\\\/handiespoir\\\/#\\\/schema\\\/logo\\\/image\\\/\",\"url\":\"https:\\\/\\\/enagrom.ovh\\\/handiespoir\\\/wp-content\\\/uploads\\\/2021\\\/05\\\/cropped-logo-handi-espoir.png\",\"contentUrl\":\"https:\\\/\\\/enagrom.ovh\\\/handiespoir\\\/wp-content\\\/uploads\\\/2021\\\/05\\\/cropped-logo-handi-espoir.png\",\"width\":537,\"height\":338,\"caption\":\"Handi-Espoir\"},\"image\":{\"@id\":\"https:\\\/\\\/enagrom.ovh\\\/handiespoir\\\/#\\\/schema\\\/logo\\\/image\\\/\"},\"sameAs\":[\"https:\\\/\\\/www.facebook.com\\\/Association-Handi-Espoir-1609929219256524\\\/\"]}]}<\/script>\n<!-- \/ Yoast SEO plugin. -->","yoast_head_json":{"title":"H\u00e9bergement Continu - Handi-Espoir","robots":{"index":"index","follow":"follow","max-snippet":"max-snippet:-1","max-image-preview":"max-image-preview:large","max-video-preview":"max-video-preview:-1"},"canonical":"https:\/\/enagrom.ovh\/handiespoir\/hebergement-continu\/","og_locale":"fr_FR","og_type":"article","og_title":"H\u00e9bergement Continu - Handi-Espoir","og_description":"En \u00e9tablissement\u00a0: Le Val Fleuri: personnes en situation de handicap moteur\/psychique\/cognitif Vent d\u2019Espoir pour les personnes atteintes de l\u00e9sions c\u00e9r\u00e9brales acquises R\u00e9sidence les Mouettes \u00e0 Talmont St Hilaire (personnes en situation de handicap troubles psychiques) En famille d\u2019accueil\u00a0: Le \u00ab\u00a0Petit Chez Nous\u00a0\u00bb \u00e0 Aizenay permet d\u2019accueillir 6 personnes en situation de handicap (accueil familial sp\u00e9cialis\u00e9)","og_url":"https:\/\/enagrom.ovh\/handiespoir\/hebergement-continu\/","og_site_name":"Handi-Espoir","article_publisher":"https:\/\/www.facebook.com\/Association-Handi-Espoir-1609929219256524\/","article_modified_time":"2022-05-04T07:32:03+00:00","og_image":[{"url":"https:\/\/enagrom.ovh\/handiespoir\/wp-content\/uploads\/2022\/04\/hc1.jpg","type":"","width":"","height":""}],"twitter_card":"summary_large_image","twitter_misc":{"Dur\u00e9e de lecture estim\u00e9e":"1 minute"},"schema":{"@context":"https:\/\/schema.org","@graph":[{"@type":"WebPage","@id":"https:\/\/enagrom.ovh\/handiespoir\/hebergement-continu\/","url":"https:\/\/enagrom.ovh\/handiespoir\/hebergement-continu\/","name":"H\u00e9bergement Continu - Handi-Espoir","isPartOf":{"@id":"https:\/\/enagrom.ovh\/handiespoir\/#website"},"primaryImageOfPage":{"@id":"https:\/\/enagrom.ovh\/handiespoir\/hebergement-continu\/#primaryimage"},"image":{"@id":"https:\/\/enagrom.ovh\/handiespoir\/hebergement-continu\/#primaryimage"},"thumbnailUrl":"https:\/\/enagrom.ovh\/handiespoir\/wp-content\/uploads\/2022\/04\/hc1.jpg","datePublished":"2022-04-12T13:46:29+00:00","dateModified":"2022-05-04T07:32:03+00:00","breadcrumb":{"@id":"https:\/\/enagrom.ovh\/handiespoir\/hebergement-continu\/#breadcrumb"},"inLanguage":"fr-FR","potentialAction":[{"@type":"ReadAction","target":["https:\/\/enagrom.ovh\/handiespoir\/hebergement-continu\/"]}]},{"@type":"ImageObject","inLanguage":"fr-FR","@id":"https:\/\/enagrom.ovh\/handiespoir\/hebergement-continu\/#primaryimage","url":"https:\/\/enagrom.ovh\/handiespoir\/wp-content\/uploads\/2022\/04\/hc1.jpg","contentUrl":"https:\/\/enagrom.ovh\/handiespoir\/wp-content\/uploads\/2022\/04\/hc1.jpg","width":800,"height":533},{"@type":"BreadcrumbList","@id":"https:\/\/enagrom.ovh\/handiespoir\/hebergement-continu\/#breadcrumb","itemListElement":[{"@type":"ListItem","position":1,"name":"Accueil","item":"https:\/\/enagrom.ovh\/handiespoir\/"},{"@type":"ListItem","position":2,"name":"H\u00e9bergement Continu"}]},{"@type":"WebSite","@id":"https:\/\/enagrom.ovh\/handiespoir\/#website","url":"https:\/\/enagrom.ovh\/handiespoir\/","name":"Handi-Espoir","description":"\u00catre au service des personnes handicap\u00e9es et de leurs proches","publisher":{"@id":"https:\/\/enagrom.ovh\/handiespoir\/#organization"},"potentialAction":[{"@type":"SearchAction","target":{"@type":"EntryPoint","urlTemplate":"https:\/\/enagrom.ovh\/handiespoir\/?s={search_term_string}"},"query-input":{"@type":"PropertyValueSpecification","valueRequired":true,"valueName":"search_term_string"}}],"inLanguage":"fr-FR"},{"@type":"Organization","@id":"https:\/\/enagrom.ovh\/handiespoir\/#organization","name":"Handi-Espoir","url":"https:\/\/enagrom.ovh\/handiespoir\/","logo":{"@type":"ImageObject","inLanguage":"fr-FR","@id":"https:\/\/enagrom.ovh\/handiespoir\/#\/schema\/logo\/image\/","url":"https:\/\/enagrom.ovh\/handiespoir\/wp-content\/uploads\/2021\/05\/cropped-logo-handi-espoir.png","contentUrl":"https:\/\/enagrom.ovh\/handiespoir\/wp-content\/uploads\/2021\/05\/cropped-logo-handi-espoir.png","width":537,"height":338,"caption":"Handi-Espoir"},"image":{"@id":"https:\/\/enagrom.ovh\/handiespoir\/#\/schema\/logo\/image\/"},"sameAs":["https:\/\/www.facebook.com\/Association-Handi-Espoir-1609929219256524\/"]}]}},"_links":{"self":[{"href":"https:\/\/enagrom.ovh\/handiespoir\/wp-json\/wp\/v2\/pages\/2204","targetHints":{"allow":["GET"]}}],"collection":[{"href":"https:\/\/enagrom.ovh\/handiespoir\/wp-json\/wp\/v2\/pages"}],"about":[{"href":"https:\/\/enagrom.ovh\/handiespoir\/wp-json\/wp\/v2\/types\/page"}],"author":[{"embeddable":true,"href":"https:\/\/enagrom.ovh\/handiespoir\/wp-json\/wp\/v2\/users\/2"}],"replies":[{"embeddable":true,"href":"https:\/\/enagrom.ovh\/handiespoir\/wp-json\/wp\/v2\/comments?post=2204"}],"version-history":[{"count":0,"href":"https:\/\/enagrom.ovh\/handiespoir\/wp-json\/wp\/v2\/pages\/2204\/revisions"}],"wp:attachment":[{"href":"https:\/\/enagrom.ovh\/handiespoir\/wp-json\/wp\/v2\/media?parent=2204"}],"curies":[{"name":"wp","href":"https:\/\/api.w.org\/{rel}","templated":true}]}}