{"id":29,"date":"2021-05-06T16:51:44","date_gmt":"2021-05-06T14:51:44","guid":{"rendered":"http:\/\/handi-espoir\/blog-2\/"},"modified":"2022-03-11T16:04:44","modified_gmt":"2022-03-11T15:04:44","slug":"blog-2","status":"publish","type":"page","link":"https:\/\/enagrom.ovh\/handiespoir\/blog-2\/","title":{"rendered":"Rejoignez-nous"},"content":{"rendered":"\t\t<div data-elementor-type=\"wp-page\" data-elementor-id=\"29\" class=\"elementor elementor-29\">\n\t\t\t\t\t\t<section class=\"elementor-section elementor-top-section elementor-element elementor-element-03266cf elementor-section-boxed elementor-section-height-default elementor-section-height-default\" data-id=\"03266cf\" data-element_type=\"section\" data-e-type=\"section\">\n\t\t\t\t\t\t<div class=\"elementor-container elementor-column-gap-default\">\n\t\t\t\t\t<div class=\"elementor-column elementor-col-100 elementor-top-column elementor-element elementor-element-439d04a\" data-id=\"439d04a\" data-element_type=\"column\" data-e-type=\"column\">\n\t\t\t<div class=\"elementor-widget-wrap elementor-element-populated\">\n\t\t\t\t\t\t<div class=\"elementor-element elementor-element-1f866fa elementor-widget elementor-widget-text-editor\" data-id=\"1f866fa\" data-element_type=\"widget\" data-e-type=\"widget\" data-widget_type=\"text-editor.default\">\n\t\t\t\t<div class=\"elementor-widget-container\">\n\t\t\t\t\t\t\t\t\t<h1 style=\"text-align: center;\">EAM COLIBRI<\/h1><p>C&rsquo;est parti pour les recrutements des remplacements d&rsquo;\u00e9t\u00e9&#8230;.<\/p>\n<p><\/p>\t\t\t\t\t\t\t\t<\/div>\n\t\t\t\t<\/div>\n\t\t\t\t<div class=\"elementor-element elementor-element-135e8a4 elementor-widget elementor-widget-image\" data-id=\"135e8a4\" data-element_type=\"widget\" data-e-type=\"widget\" data-widget_type=\"image.default\">\n\t\t\t\t<div class=\"elementor-widget-container\">\n\t\t\t\t\t\t\t\t\t\t\t\t\t\t\t<img fetchpriority=\"high\" decoding=\"async\" width=\"586\" height=\"370\" src=\"https:\/\/enagrom.ovh\/handiespoir\/wp-content\/uploads\/2022\/03\/Capture-ANNONCE.png\" class=\"attachment-large size-large wp-image-2062\" alt=\"\" srcset=\"https:\/\/enagrom.ovh\/handiespoir\/wp-content\/uploads\/2022\/03\/Capture-ANNONCE.png 586w, https:\/\/enagrom.ovh\/handiespoir\/wp-content\/uploads\/2022\/03\/Capture-ANNONCE-300x189.png 300w\" sizes=\"(max-width: 586px) 100vw, 586px\" \/>\t\t\t\t\t\t\t\t\t\t\t\t\t\t\t<\/div>\n\t\t\t\t<\/div>\n\t\t\t\t\t<\/div>\n\t\t<\/div>\n\t\t\t\t\t<\/div>\n\t\t<\/section>\n\t\t\t\t<section class=\"elementor-section elementor-top-section elementor-element elementor-element-5bbaee3 elementor-section-boxed elementor-section-height-default elementor-section-height-default\" data-id=\"5bbaee3\" data-element_type=\"section\" data-e-type=\"section\">\n\t\t\t\t\t\t<div class=\"elementor-container elementor-column-gap-default\">\n\t\t\t\t\t<div class=\"elementor-column elementor-col-100 elementor-top-column elementor-element elementor-element-c03cb89\" data-id=\"c03cb89\" data-element_type=\"column\" data-e-type=\"column\">\n\t\t\t<div class=\"elementor-widget-wrap elementor-element-populated\">\n\t\t\t\t\t\t<div class=\"elementor-element elementor-element-8964334 elementor-widget elementor-widget-heading\" data-id=\"8964334\" data-element_type=\"widget\" data-e-type=\"widget\" data-widget_type=\"heading.default\">\n\t\t\t\t<div class=\"elementor-widget-container\">\n\t\t\t\t\t<h2 class=\"elementor-heading-title elementor-size-default\">EAM LE BOISTISSANDEAU<\/h2>\t\t\t\t<\/div>\n\t\t\t\t<\/div>\n\t\t\t\t<section class=\"elementor-section elementor-inner-section elementor-element elementor-element-5580584 elementor-section-boxed elementor-section-height-default elementor-section-height-default\" data-id=\"5580584\" data-element_type=\"section\" data-e-type=\"section\">\n\t\t\t\t\t\t<div class=\"elementor-container elementor-column-gap-default\">\n\t\t\t\t\t<div class=\"elementor-column elementor-col-50 elementor-inner-column elementor-element elementor-element-f75e7eb\" data-id=\"f75e7eb\" data-element_type=\"column\" data-e-type=\"column\">\n\t\t\t<div class=\"elementor-widget-wrap elementor-element-populated\">\n\t\t\t\t\t\t<div class=\"elementor-element elementor-element-52c71dd elementor-widget elementor-widget-text-editor\" data-id=\"52c71dd\" data-element_type=\"widget\" data-e-type=\"widget\" data-widget_type=\"text-editor.default\">\n\t\t\t\t<div class=\"elementor-widget-container\">\n\t\t\t\t\t\t\t\t\t<p>recrutement d&rsquo;un CDI AES \u00e0 85% \u00e0 la maison d&rsquo;accueil Familial du Boistissandeau aux Herbiers.<\/p>\n<p><span style=\"font-family: var( --e-global-typography-text-font-family ), Sans-serif; font-weight: var( --e-global-typography-text-font-weight ); letter-spacing: var( --e-global-typography-text-letter-spacing );\">Dans le respect des valeurs associatives et du projet d&rsquo;\u00e9tablissement, l&rsquo;AES&nbsp; a pour mission g\u00e9n\u00e9rale d&rsquo;assurer l&rsquo;accompagnement des r\u00e9sidents accueillis&nbsp; au sein de la maison du Boistissandeau (personnes \u00e2g\u00e9es et personnes en situation de handicap) :<\/span><\/p>\n<p><span style=\"font-family: var( --e-global-typography-text-font-family ), Sans-serif; font-weight: var( --e-global-typography-text-font-weight ); letter-spacing: var( --e-global-typography-text-letter-spacing );\">accompagnement dans les actes de la vie quotidienne,&nbsp;<\/span><span style=\"font-family: var( --e-global-typography-text-font-family ), Sans-serif; font-weight: var( --e-global-typography-text-font-weight ); letter-spacing: var( --e-global-typography-text-letter-spacing );\">maintien et d\u00e9veloppement de l&rsquo;autonomie, , activit\u00e9s et sorties de socialisation, transmissions, projets individualis\u00e9s, participation aux r\u00e9flexions institutionnelles, r\u00e9union de services&#8230;.<\/span><\/p>\n<p><span style=\"font-family: var( --e-global-typography-text-font-family ), Sans-serif; font-weight: var( --e-global-typography-text-font-weight ); letter-spacing: var( --e-global-typography-text-letter-spacing );\">profil : capacit\u00e9 d&rsquo;\u00e9coute, d&rsquo;observations. Savoir g\u00e9rer les priorit\u00e9s, organisation et rigueur souhait\u00e9es; savoir travailler en \u00e9quipe et partenariat, comprendre les enjeux relationnels inh\u00e9rents \u00e0 la famille accueillie.<\/span><\/p>\n<p><span style=\"font-family: var( --e-global-typography-text-font-family ), Sans-serif; font-weight: var( --e-global-typography-text-font-weight ); letter-spacing: var( --e-global-typography-text-letter-spacing );\">Poste \u00e0 pourvoir \u00e0 partir du 1er Avril 2022<\/span><\/p>\n<p><span style=\"font-family: var( --e-global-typography-text-font-family ), Sans-serif; font-weight: var( --e-global-typography-text-font-weight ); letter-spacing: var( --e-global-typography-text-letter-spacing );\">candidature \u00e0 envoyer \u00e0&nbsp; n.marichal_mcmignet@handiespoir.fr<\/span><\/p>\n<p><\/p>\t\t\t\t\t\t\t\t<\/div>\n\t\t\t\t<\/div>\n\t\t\t\t\t<\/div>\n\t\t<\/div>\n\t\t\t\t<div class=\"elementor-column elementor-col-50 elementor-inner-column elementor-element elementor-element-9a53707\" data-id=\"9a53707\" data-element_type=\"column\" data-e-type=\"column\">\n\t\t\t<div class=\"elementor-widget-wrap\">\n\t\t\t\t\t\t\t<\/div>\n\t\t<\/div>\n\t\t\t\t\t<\/div>\n\t\t<\/section>\n\t\t\t\t\t<\/div>\n\t\t<\/div>\n\t\t\t\t\t<\/div>\n\t\t<\/section>\n\t\t\t\t<\/div>\n\t\t","protected":false},"excerpt":{"rendered":"<p>EAM COLIBRI C&rsquo;est parti pour les recrutements des remplacements d&rsquo;\u00e9t\u00e9&#8230;. EAM LE BOISTISSANDEAU recrutement d&rsquo;un CDI AES \u00e0 85% \u00e0 la maison d&rsquo;accueil Familial du Boistissandeau aux Herbiers. Dans le respect des valeurs associatives et du projet d&rsquo;\u00e9tablissement, l&rsquo;AES&nbsp; a pour mission g\u00e9n\u00e9rale d&rsquo;assurer l&rsquo;accompagnement des r\u00e9sidents accueillis&nbsp; au sein de la maison du Boistissandeau [&hellip;]<\/p>\n","protected":false},"author":2,"featured_media":0,"parent":0,"menu_order":0,"comment_status":"closed","ping_status":"closed","template":"template-fullwidth.php","meta":{"footnotes":""},"class_list":["post-29","page","type-page","status-publish","hentry"],"yoast_head":"<!-- This site is optimized with the Yoast SEO plugin v27.5 - https:\/\/yoast.com\/product\/yoast-seo-wordpress\/ -->\n<title>Rejoignez-nous - Handi-Espoir<\/title>\n<meta name=\"robots\" content=\"index, follow, max-snippet:-1, max-image-preview:large, max-video-preview:-1\" \/>\n<link rel=\"canonical\" href=\"https:\/\/enagrom.ovh\/handiespoir\/blog-2\/\" \/>\n<meta property=\"og:locale\" content=\"fr_FR\" \/>\n<meta property=\"og:type\" content=\"article\" \/>\n<meta property=\"og:title\" content=\"Rejoignez-nous - Handi-Espoir\" \/>\n<meta property=\"og:description\" content=\"EAM COLIBRI C&rsquo;est parti pour les recrutements des remplacements d&rsquo;\u00e9t\u00e9&#8230;. EAM LE BOISTISSANDEAU recrutement d&rsquo;un CDI AES \u00e0 85% \u00e0 la maison d&rsquo;accueil Familial du Boistissandeau aux Herbiers. Dans le respect des valeurs associatives et du projet d&rsquo;\u00e9tablissement, l&rsquo;AES&nbsp; a pour mission g\u00e9n\u00e9rale d&rsquo;assurer l&rsquo;accompagnement des r\u00e9sidents accueillis&nbsp; au sein de la maison du Boistissandeau [&hellip;]\" \/>\n<meta property=\"og:url\" content=\"https:\/\/enagrom.ovh\/handiespoir\/blog-2\/\" \/>\n<meta property=\"og:site_name\" content=\"Handi-Espoir\" \/>\n<meta property=\"article:publisher\" content=\"https:\/\/www.facebook.com\/Association-Handi-Espoir-1609929219256524\/\" \/>\n<meta property=\"article:modified_time\" content=\"2022-03-11T15:04:44+00:00\" \/>\n<meta property=\"og:image\" content=\"https:\/\/enagrom.ovh\/handiespoir\/wp-content\/uploads\/2022\/03\/Capture-ANNONCE.png\" \/>\n<meta name=\"twitter:card\" content=\"summary_large_image\" \/>\n<meta name=\"twitter:label1\" content=\"Dur\u00e9e de lecture estim\u00e9e\" \/>\n\t<meta name=\"twitter:data1\" content=\"1 minute\" \/>\n<script type=\"application\/ld+json\" class=\"yoast-schema-graph\">{\"@context\":\"https:\\\/\\\/schema.org\",\"@graph\":[{\"@type\":\"WebPage\",\"@id\":\"https:\\\/\\\/enagrom.ovh\\\/handiespoir\\\/blog-2\\\/\",\"url\":\"https:\\\/\\\/enagrom.ovh\\\/handiespoir\\\/blog-2\\\/\",\"name\":\"Rejoignez-nous - Handi-Espoir\",\"isPartOf\":{\"@id\":\"https:\\\/\\\/enagrom.ovh\\\/handiespoir\\\/#website\"},\"primaryImageOfPage\":{\"@id\":\"https:\\\/\\\/enagrom.ovh\\\/handiespoir\\\/blog-2\\\/#primaryimage\"},\"image\":{\"@id\":\"https:\\\/\\\/enagrom.ovh\\\/handiespoir\\\/blog-2\\\/#primaryimage\"},\"thumbnailUrl\":\"https:\\\/\\\/enagrom.ovh\\\/handiespoir\\\/wp-content\\\/uploads\\\/2022\\\/03\\\/Capture-ANNONCE.png\",\"datePublished\":\"2021-05-06T14:51:44+00:00\",\"dateModified\":\"2022-03-11T15:04:44+00:00\",\"breadcrumb\":{\"@id\":\"https:\\\/\\\/enagrom.ovh\\\/handiespoir\\\/blog-2\\\/#breadcrumb\"},\"inLanguage\":\"fr-FR\",\"potentialAction\":[{\"@type\":\"ReadAction\",\"target\":[\"https:\\\/\\\/enagrom.ovh\\\/handiespoir\\\/blog-2\\\/\"]}]},{\"@type\":\"ImageObject\",\"inLanguage\":\"fr-FR\",\"@id\":\"https:\\\/\\\/enagrom.ovh\\\/handiespoir\\\/blog-2\\\/#primaryimage\",\"url\":\"https:\\\/\\\/enagrom.ovh\\\/handiespoir\\\/wp-content\\\/uploads\\\/2022\\\/03\\\/Capture-ANNONCE.png\",\"contentUrl\":\"https:\\\/\\\/enagrom.ovh\\\/handiespoir\\\/wp-content\\\/uploads\\\/2022\\\/03\\\/Capture-ANNONCE.png\",\"width\":586,\"height\":370},{\"@type\":\"BreadcrumbList\",\"@id\":\"https:\\\/\\\/enagrom.ovh\\\/handiespoir\\\/blog-2\\\/#breadcrumb\",\"itemListElement\":[{\"@type\":\"ListItem\",\"position\":1,\"name\":\"Accueil\",\"item\":\"https:\\\/\\\/enagrom.ovh\\\/handiespoir\\\/\"},{\"@type\":\"ListItem\",\"position\":2,\"name\":\"Rejoignez-nous\"}]},{\"@type\":\"WebSite\",\"@id\":\"https:\\\/\\\/enagrom.ovh\\\/handiespoir\\\/#website\",\"url\":\"https:\\\/\\\/enagrom.ovh\\\/handiespoir\\\/\",\"name\":\"Handi-Espoir\",\"description\":\"\u00catre au service des personnes handicap\u00e9es et de leurs proches\",\"publisher\":{\"@id\":\"https:\\\/\\\/enagrom.ovh\\\/handiespoir\\\/#organization\"},\"potentialAction\":[{\"@type\":\"SearchAction\",\"target\":{\"@type\":\"EntryPoint\",\"urlTemplate\":\"https:\\\/\\\/enagrom.ovh\\\/handiespoir\\\/?s={search_term_string}\"},\"query-input\":{\"@type\":\"PropertyValueSpecification\",\"valueRequired\":true,\"valueName\":\"search_term_string\"}}],\"inLanguage\":\"fr-FR\"},{\"@type\":\"Organization\",\"@id\":\"https:\\\/\\\/enagrom.ovh\\\/handiespoir\\\/#organization\",\"name\":\"Handi-Espoir\",\"url\":\"https:\\\/\\\/enagrom.ovh\\\/handiespoir\\\/\",\"logo\":{\"@type\":\"ImageObject\",\"inLanguage\":\"fr-FR\",\"@id\":\"https:\\\/\\\/enagrom.ovh\\\/handiespoir\\\/#\\\/schema\\\/logo\\\/image\\\/\",\"url\":\"https:\\\/\\\/enagrom.ovh\\\/handiespoir\\\/wp-content\\\/uploads\\\/2021\\\/05\\\/cropped-logo-handi-espoir.png\",\"contentUrl\":\"https:\\\/\\\/enagrom.ovh\\\/handiespoir\\\/wp-content\\\/uploads\\\/2021\\\/05\\\/cropped-logo-handi-espoir.png\",\"width\":537,\"height\":338,\"caption\":\"Handi-Espoir\"},\"image\":{\"@id\":\"https:\\\/\\\/enagrom.ovh\\\/handiespoir\\\/#\\\/schema\\\/logo\\\/image\\\/\"},\"sameAs\":[\"https:\\\/\\\/www.facebook.com\\\/Association-Handi-Espoir-1609929219256524\\\/\"]}]}<\/script>\n<!-- \/ Yoast SEO plugin. -->","yoast_head_json":{"title":"Rejoignez-nous - Handi-Espoir","robots":{"index":"index","follow":"follow","max-snippet":"max-snippet:-1","max-image-preview":"max-image-preview:large","max-video-preview":"max-video-preview:-1"},"canonical":"https:\/\/enagrom.ovh\/handiespoir\/blog-2\/","og_locale":"fr_FR","og_type":"article","og_title":"Rejoignez-nous - Handi-Espoir","og_description":"EAM COLIBRI C&rsquo;est parti pour les recrutements des remplacements d&rsquo;\u00e9t\u00e9&#8230;. EAM LE BOISTISSANDEAU recrutement d&rsquo;un CDI AES \u00e0 85% \u00e0 la maison d&rsquo;accueil Familial du Boistissandeau aux Herbiers. Dans le respect des valeurs associatives et du projet d&rsquo;\u00e9tablissement, l&rsquo;AES&nbsp; a pour mission g\u00e9n\u00e9rale d&rsquo;assurer l&rsquo;accompagnement des r\u00e9sidents accueillis&nbsp; au sein de la maison du Boistissandeau [&hellip;]","og_url":"https:\/\/enagrom.ovh\/handiespoir\/blog-2\/","og_site_name":"Handi-Espoir","article_publisher":"https:\/\/www.facebook.com\/Association-Handi-Espoir-1609929219256524\/","article_modified_time":"2022-03-11T15:04:44+00:00","og_image":[{"url":"https:\/\/enagrom.ovh\/handiespoir\/wp-content\/uploads\/2022\/03\/Capture-ANNONCE.png","type":"","width":"","height":""}],"twitter_card":"summary_large_image","twitter_misc":{"Dur\u00e9e de lecture estim\u00e9e":"1 minute"},"schema":{"@context":"https:\/\/schema.org","@graph":[{"@type":"WebPage","@id":"https:\/\/enagrom.ovh\/handiespoir\/blog-2\/","url":"https:\/\/enagrom.ovh\/handiespoir\/blog-2\/","name":"Rejoignez-nous - Handi-Espoir","isPartOf":{"@id":"https:\/\/enagrom.ovh\/handiespoir\/#website"},"primaryImageOfPage":{"@id":"https:\/\/enagrom.ovh\/handiespoir\/blog-2\/#primaryimage"},"image":{"@id":"https:\/\/enagrom.ovh\/handiespoir\/blog-2\/#primaryimage"},"thumbnailUrl":"https:\/\/enagrom.ovh\/handiespoir\/wp-content\/uploads\/2022\/03\/Capture-ANNONCE.png","datePublished":"2021-05-06T14:51:44+00:00","dateModified":"2022-03-11T15:04:44+00:00","breadcrumb":{"@id":"https:\/\/enagrom.ovh\/handiespoir\/blog-2\/#breadcrumb"},"inLanguage":"fr-FR","potentialAction":[{"@type":"ReadAction","target":["https:\/\/enagrom.ovh\/handiespoir\/blog-2\/"]}]},{"@type":"ImageObject","inLanguage":"fr-FR","@id":"https:\/\/enagrom.ovh\/handiespoir\/blog-2\/#primaryimage","url":"https:\/\/enagrom.ovh\/handiespoir\/wp-content\/uploads\/2022\/03\/Capture-ANNONCE.png","contentUrl":"https:\/\/enagrom.ovh\/handiespoir\/wp-content\/uploads\/2022\/03\/Capture-ANNONCE.png","width":586,"height":370},{"@type":"BreadcrumbList","@id":"https:\/\/enagrom.ovh\/handiespoir\/blog-2\/#breadcrumb","itemListElement":[{"@type":"ListItem","position":1,"name":"Accueil","item":"https:\/\/enagrom.ovh\/handiespoir\/"},{"@type":"ListItem","position":2,"name":"Rejoignez-nous"}]},{"@type":"WebSite","@id":"https:\/\/enagrom.ovh\/handiespoir\/#website","url":"https:\/\/enagrom.ovh\/handiespoir\/","name":"Handi-Espoir","description":"\u00catre au service des personnes handicap\u00e9es et de leurs proches","publisher":{"@id":"https:\/\/enagrom.ovh\/handiespoir\/#organization"},"potentialAction":[{"@type":"SearchAction","target":{"@type":"EntryPoint","urlTemplate":"https:\/\/enagrom.ovh\/handiespoir\/?s={search_term_string}"},"query-input":{"@type":"PropertyValueSpecification","valueRequired":true,"valueName":"search_term_string"}}],"inLanguage":"fr-FR"},{"@type":"Organization","@id":"https:\/\/enagrom.ovh\/handiespoir\/#organization","name":"Handi-Espoir","url":"https:\/\/enagrom.ovh\/handiespoir\/","logo":{"@type":"ImageObject","inLanguage":"fr-FR","@id":"https:\/\/enagrom.ovh\/handiespoir\/#\/schema\/logo\/image\/","url":"https:\/\/enagrom.ovh\/handiespoir\/wp-content\/uploads\/2021\/05\/cropped-logo-handi-espoir.png","contentUrl":"https:\/\/enagrom.ovh\/handiespoir\/wp-content\/uploads\/2021\/05\/cropped-logo-handi-espoir.png","width":537,"height":338,"caption":"Handi-Espoir"},"image":{"@id":"https:\/\/enagrom.ovh\/handiespoir\/#\/schema\/logo\/image\/"},"sameAs":["https:\/\/www.facebook.com\/Association-Handi-Espoir-1609929219256524\/"]}]}},"_links":{"self":[{"href":"https:\/\/enagrom.ovh\/handiespoir\/wp-json\/wp\/v2\/pages\/29","targetHints":{"allow":["GET"]}}],"collection":[{"href":"https:\/\/enagrom.ovh\/handiespoir\/wp-json\/wp\/v2\/pages"}],"about":[{"href":"https:\/\/enagrom.ovh\/handiespoir\/wp-json\/wp\/v2\/types\/page"}],"author":[{"embeddable":true,"href":"https:\/\/enagrom.ovh\/handiespoir\/wp-json\/wp\/v2\/users\/2"}],"replies":[{"embeddable":true,"href":"https:\/\/enagrom.ovh\/handiespoir\/wp-json\/wp\/v2\/comments?post=29"}],"version-history":[{"count":0,"href":"https:\/\/enagrom.ovh\/handiespoir\/wp-json\/wp\/v2\/pages\/29\/revisions"}],"wp:attachment":[{"href":"https:\/\/enagrom.ovh\/handiespoir\/wp-json\/wp\/v2\/media?parent=29"}],"curies":[{"name":"wp","href":"https:\/\/api.w.org\/{rel}","templated":true}]}}