{"id":396,"date":"2021-06-08T22:20:27","date_gmt":"2021-06-08T20:20:27","guid":{"rendered":"http:\/\/handi-espoir\/?page_id=396"},"modified":"2022-05-04T14:38:12","modified_gmt":"2022-05-04T12:38:12","slug":"eam-colibri","status":"publish","type":"page","link":"https:\/\/enagrom.ovh\/handiespoir\/nos-lieux-d-accueil-et-d-accompagnement\/eam-colibri\/","title":{"rendered":"L&rsquo;EAM COLIBRI"},"content":{"rendered":"\t\t<div data-elementor-type=\"wp-page\" data-elementor-id=\"396\" class=\"elementor elementor-396\">\n\t\t\t\t\t\t<section class=\"elementor-section elementor-top-section elementor-element elementor-element-b9735f5 elementor-section-boxed elementor-section-height-default elementor-section-height-default\" data-id=\"b9735f5\" data-element_type=\"section\" data-e-type=\"section\">\n\t\t\t\t\t\t<div class=\"elementor-container elementor-column-gap-default\">\n\t\t\t\t\t<div class=\"elementor-column elementor-col-100 elementor-top-column elementor-element elementor-element-17f60f7\" data-id=\"17f60f7\" data-element_type=\"column\" data-e-type=\"column\">\n\t\t\t<div class=\"elementor-widget-wrap elementor-element-populated\">\n\t\t\t\t\t\t<div class=\"elementor-element elementor-element-e29068d elementor-widget elementor-widget-spacer\" data-id=\"e29068d\" data-element_type=\"widget\" data-e-type=\"widget\" data-widget_type=\"spacer.default\">\n\t\t\t\t<div class=\"elementor-widget-container\">\n\t\t\t\t\t\t\t<div class=\"elementor-spacer\">\n\t\t\t<div class=\"elementor-spacer-inner\"><\/div>\n\t\t<\/div>\n\t\t\t\t\t\t<\/div>\n\t\t\t\t<\/div>\n\t\t\t\t\t<\/div>\n\t\t<\/div>\n\t\t\t\t\t<\/div>\n\t\t<\/section>\n\t\t\t\t<section class=\"elementor-section elementor-top-section elementor-element elementor-element-6523191 profile-section elementor-section-boxed elementor-section-height-default elementor-section-height-default\" data-id=\"6523191\" data-element_type=\"section\" data-e-type=\"section\">\n\t\t\t\t\t\t<div class=\"elementor-container elementor-column-gap-default\">\n\t\t\t\t\t<div class=\"elementor-column elementor-col-33 elementor-top-column elementor-element elementor-element-1fb534a\" data-id=\"1fb534a\" data-element_type=\"column\" data-e-type=\"column\">\n\t\t\t<div class=\"elementor-widget-wrap elementor-element-populated\">\n\t\t\t\t\t\t<div class=\"elementor-element elementor-element-d433f68 profile-pic elementor-widget elementor-widget-image\" data-id=\"d433f68\" data-element_type=\"widget\" data-e-type=\"widget\" data-widget_type=\"image.default\">\n\t\t\t\t<div class=\"elementor-widget-container\">\n\t\t\t\t\t\t\t\t\t\t\t\t\t\t\t<img decoding=\"async\" width=\"150\" height=\"150\" src=\"https:\/\/enagrom.ovh\/handiespoir\/wp-content\/uploads\/2021\/06\/Virginie-150x150.jpg\" class=\"attachment-thumbnail size-thumbnail wp-image-793\" alt=\"Photo de profil de Virginie\" \/>\t\t\t\t\t\t\t\t\t\t\t\t\t\t\t<\/div>\n\t\t\t\t<\/div>\n\t\t\t\t\t<\/div>\n\t\t<\/div>\n\t\t\t\t<div class=\"elementor-column elementor-col-33 elementor-top-column elementor-element elementor-element-0e6874e\" data-id=\"0e6874e\" data-element_type=\"column\" data-e-type=\"column\">\n\t\t\t<div class=\"elementor-widget-wrap elementor-element-populated\">\n\t\t\t\t\t\t<div class=\"elementor-element elementor-element-54eee15 elementor-widget elementor-widget-heading\" data-id=\"54eee15\" data-element_type=\"widget\" data-e-type=\"widget\" data-widget_type=\"heading.default\">\n\t\t\t\t<div class=\"elementor-widget-container\">\n\t\t\t\t\t<h3 class=\"elementor-heading-title elementor-size-default\">Virginie DELAVAUD<\/h3>\t\t\t\t<\/div>\n\t\t\t\t<\/div>\n\t\t\t\t<div class=\"elementor-element elementor-element-3b24348 profile-sub-title elementor-widget elementor-widget-heading\" data-id=\"3b24348\" data-element_type=\"widget\" data-e-type=\"widget\" data-widget_type=\"heading.default\">\n\t\t\t\t<div class=\"elementor-widget-container\">\n\t\t\t\t\t<h4 class=\"elementor-heading-title elementor-size-default\">DIRECTRICE<\/h4>\t\t\t\t<\/div>\n\t\t\t\t<\/div>\n\t\t\t\t<div class=\"elementor-element elementor-element-5cf9a23 elementor-widget elementor-widget-text-editor\" data-id=\"5cf9a23\" data-element_type=\"widget\" data-e-type=\"widget\" data-widget_type=\"text-editor.default\">\n\t\t\t\t<div class=\"elementor-widget-container\">\n\t\t\t\t\t\t\t\t\t<p>02 51 55 12 24<br \/>v.delavaud@handiespoir.fr<\/p>\t\t\t\t\t\t\t\t<\/div>\n\t\t\t\t<\/div>\n\t\t\t\t\t<\/div>\n\t\t<\/div>\n\t\t\t\t<div class=\"elementor-column elementor-col-33 elementor-top-column elementor-element elementor-element-9a42bd1\" data-id=\"9a42bd1\" data-element_type=\"column\" data-e-type=\"column\">\n\t\t\t<div class=\"elementor-widget-wrap elementor-element-populated\">\n\t\t\t\t\t\t<div class=\"elementor-element elementor-element-ff8e705 elementor-widget elementor-widget-spacer\" data-id=\"ff8e705\" data-element_type=\"widget\" data-e-type=\"widget\" data-widget_type=\"spacer.default\">\n\t\t\t\t<div class=\"elementor-widget-container\">\n\t\t\t\t\t\t\t<div class=\"elementor-spacer\">\n\t\t\t<div class=\"elementor-spacer-inner\"><\/div>\n\t\t<\/div>\n\t\t\t\t\t\t<\/div>\n\t\t\t\t<\/div>\n\t\t\t\t<div class=\"elementor-element elementor-element-764a2a2 elementor-widget elementor-widget-heading\" data-id=\"764a2a2\" data-element_type=\"widget\" data-e-type=\"widget\" data-widget_type=\"heading.default\">\n\t\t\t\t<div class=\"elementor-widget-container\">\n\t\t\t\t\t<h4 class=\"elementor-heading-title elementor-size-default\">Adresse<\/h4>\t\t\t\t<\/div>\n\t\t\t\t<\/div>\n\t\t\t\t<div class=\"elementor-element elementor-element-957d1e0 elementor-widget elementor-widget-text-editor\" data-id=\"957d1e0\" data-element_type=\"widget\" data-e-type=\"widget\" data-widget_type=\"text-editor.default\">\n\t\t\t\t<div class=\"elementor-widget-container\">\n\t\t\t\t\t\t\t\t\t<p>Rue de Primev\u00e8res<br \/>85220 CO\u00cbX<\/p>\t\t\t\t\t\t\t\t<\/div>\n\t\t\t\t<\/div>\n\t\t\t\t\t<\/div>\n\t\t<\/div>\n\t\t\t\t\t<\/div>\n\t\t<\/section>\n\t\t\t\t<section class=\"elementor-section elementor-top-section elementor-element elementor-element-e061589 elementor-section-boxed elementor-section-height-default elementor-section-height-default\" data-id=\"e061589\" data-element_type=\"section\" data-e-type=\"section\">\n\t\t\t\t\t\t<div class=\"elementor-container elementor-column-gap-default\">\n\t\t\t\t\t<div class=\"elementor-column elementor-col-100 elementor-top-column elementor-element elementor-element-b7e319b\" data-id=\"b7e319b\" data-element_type=\"column\" data-e-type=\"column\">\n\t\t\t<div class=\"elementor-widget-wrap elementor-element-populated\">\n\t\t\t\t\t\t<div class=\"elementor-element elementor-element-c4176c4 elementor-widget elementor-widget-spacer\" data-id=\"c4176c4\" data-element_type=\"widget\" data-e-type=\"widget\" data-widget_type=\"spacer.default\">\n\t\t\t\t<div class=\"elementor-widget-container\">\n\t\t\t\t\t\t\t<div class=\"elementor-spacer\">\n\t\t\t<div class=\"elementor-spacer-inner\"><\/div>\n\t\t<\/div>\n\t\t\t\t\t\t<\/div>\n\t\t\t\t<\/div>\n\t\t\t\t\t<\/div>\n\t\t<\/div>\n\t\t\t\t\t<\/div>\n\t\t<\/section>\n\t\t\t\t<section class=\"elementor-section elementor-top-section elementor-element elementor-element-a50969f elementor-section-full_width desc-section elementor-section-height-default elementor-section-height-default\" data-id=\"a50969f\" data-element_type=\"section\" data-e-type=\"section\" data-settings=\"{&quot;shape_divider_top&quot;:&quot;pyramids&quot;,&quot;background_background&quot;:&quot;classic&quot;}\">\n\t\t\t\t\t<div class=\"elementor-shape elementor-shape-top\" aria-hidden=\"true\" data-negative=\"false\">\n\t\t\t<svg xmlns=\"http:\/\/www.w3.org\/2000\/svg\" viewBox=\"0 0 1000 100\" preserveAspectRatio=\"none\">\n\t<path class=\"elementor-shape-fill\" d=\"M761.9,44.1L643.1,27.2L333.8,98L0,3.8V0l1000,0v3.9\"><\/path>\n<\/svg>\t\t<\/div>\n\t\t\t\t\t<div class=\"elementor-container elementor-column-gap-no\">\n\t\t\t\t\t<div class=\"elementor-column elementor-col-33 elementor-top-column elementor-element elementor-element-bbd095e img-container\" data-id=\"bbd095e\" data-element_type=\"column\" data-e-type=\"column\">\n\t\t\t<div class=\"elementor-widget-wrap elementor-element-populated\">\n\t\t\t\t\t\t<div class=\"elementor-element elementor-element-3ae1a65 desc-img elementor-widget elementor-widget-image\" data-id=\"3ae1a65\" data-element_type=\"widget\" data-e-type=\"widget\" data-widget_type=\"image.default\">\n\t\t\t\t<div class=\"elementor-widget-container\">\n\t\t\t\t\t\t\t\t\t\t\t\t\t\t\t<img fetchpriority=\"high\" decoding=\"async\" width=\"696\" height=\"465\" src=\"https:\/\/enagrom.ovh\/handiespoir\/wp-content\/uploads\/2021\/06\/Exterieur-6-1024x684.jpg\" class=\"attachment-large size-large wp-image-697\" alt=\"\" srcset=\"https:\/\/enagrom.ovh\/handiespoir\/wp-content\/uploads\/2021\/06\/Exterieur-6-1024x684.jpg 1024w, https:\/\/enagrom.ovh\/handiespoir\/wp-content\/uploads\/2021\/06\/Exterieur-6-300x200.jpg 300w, https:\/\/enagrom.ovh\/handiespoir\/wp-content\/uploads\/2021\/06\/Exterieur-6-768x513.jpg 768w, https:\/\/enagrom.ovh\/handiespoir\/wp-content\/uploads\/2021\/06\/Exterieur-6-1536x1026.jpg 1536w, https:\/\/enagrom.ovh\/handiespoir\/wp-content\/uploads\/2021\/06\/Exterieur-6.jpg 1920w\" sizes=\"(max-width: 696px) 100vw, 696px\" \/>\t\t\t\t\t\t\t\t\t\t\t\t\t\t\t<\/div>\n\t\t\t\t<\/div>\n\t\t\t\t\t<\/div>\n\t\t<\/div>\n\t\t\t\t<div class=\"elementor-column elementor-col-33 elementor-top-column elementor-element elementor-element-5a7cd08\" data-id=\"5a7cd08\" data-element_type=\"column\" data-e-type=\"column\" data-settings=\"{&quot;background_background&quot;:&quot;classic&quot;}\">\n\t\t\t<div class=\"elementor-widget-wrap elementor-element-populated\">\n\t\t\t\t\t\t<div class=\"elementor-element elementor-element-2f9a421 title-marked elementor-widget elementor-widget-heading\" data-id=\"2f9a421\" data-element_type=\"widget\" data-e-type=\"widget\" data-widget_type=\"heading.default\">\n\t\t\t\t<div class=\"elementor-widget-container\">\n\t\t\t\t\t<h2 class=\"elementor-heading-title elementor-size-default\">Foyer de vie : Le val Fleuri<\/h2>\t\t\t\t<\/div>\n\t\t\t\t<\/div>\n\t\t\t\t<div class=\"elementor-element elementor-element-92e5ff3 text elementor-widget elementor-widget-text-editor\" data-id=\"92e5ff3\" data-element_type=\"widget\" data-e-type=\"widget\" data-widget_type=\"text-editor.default\">\n\t\t\t\t<div class=\"elementor-widget-container\">\n\t\t\t\t\t\t\t\t\t<p><span style=\"color: #ffffff;\">Foyer de vie partiellement m\u00e9dicalis\u00e9 pour adultes en situation de handicap physique avec ou sans troubles associ\u00e9s.<\/span><br \/><span style=\"color: #ffffff;\">Il vous est propos\u00e9 diff\u00e9rentes solutions d\u2019h\u00e9bergement selon votre besoin et votre projet : h\u00e9bergement continu (besoin d\u2019un accompagnement constant) ; temporaire (r\u00e9pit pour vous ou vos aidants, d\u00e9couverte) ou de transition (accueil de quelques ann\u00e9es dans le cadre d\u2019un parcours de vie)<!--Lire la suite--><\/span><\/p><p><span style=\"color: #ffffff;\"><\/span><\/p><\/div><\/div><\/div><\/div><\/div><\/section><\/div> <a href=\"https:\/\/enagrom.ovh\/handiespoir\/nos-lieux-d-accueil-et-d-accompagnement\/eam-colibri\/#more-396\" class=\"more-link elementor-more-link\"><span aria-label=\"Poursuivre la lecture L&rsquo;EAM COLIBRI\">(plus\u2026)<\/span><\/a>","protected":false},"excerpt":{"rendered":"<p>Virginie DELAVAUD DIRECTRICE 02 51 55 12 24v.delavaud@handiespoir.fr Adresse Rue de Primev\u00e8res85220 CO\u00cbX Foyer de vie : Le val Fleuri Foyer de vie partiellement m\u00e9dicalis\u00e9 pour adultes en situation de handicap physique avec ou sans troubles associ\u00e9s.Il vous est propos\u00e9 diff\u00e9rentes solutions d\u2019h\u00e9bergement selon votre besoin et votre projet : h\u00e9bergement continu (besoin d\u2019un accompagnement [&hellip;]<\/p>\n","protected":false},"author":2,"featured_media":0,"parent":5,"menu_order":0,"comment_status":"closed","ping_status":"closed","template":"elementor_header_footer","meta":{"footnotes":""},"class_list":["post-396","page","type-page","status-publish","hentry"],"yoast_head":"<!-- This site is optimized with the Yoast SEO plugin v27.4 - https:\/\/yoast.com\/product\/yoast-seo-wordpress\/ -->\n<title>L&#039;EAM COLIBRI - Handi-Espoir<\/title>\n<meta name=\"robots\" content=\"index, follow, max-snippet:-1, max-image-preview:large, max-video-preview:-1\" \/>\n<link rel=\"canonical\" href=\"https:\/\/enagrom.ovh\/handiespoir\/nos-lieux-d-accueil-et-d-accompagnement\/eam-colibri\/\" \/>\n<meta property=\"og:locale\" content=\"fr_FR\" \/>\n<meta property=\"og:type\" content=\"article\" \/>\n<meta property=\"og:title\" content=\"L&#039;EAM COLIBRI - Handi-Espoir\" \/>\n<meta property=\"og:description\" content=\"Virginie DELAVAUD DIRECTRICE 02 51 55 12 24v.delavaud@handiespoir.fr Adresse Rue de Primev\u00e8res85220 CO\u00cbX Foyer de vie : Le val Fleuri Foyer de vie partiellement m\u00e9dicalis\u00e9 pour adultes en situation de handicap physique avec ou sans troubles associ\u00e9s.Il vous est propos\u00e9 diff\u00e9rentes solutions d\u2019h\u00e9bergement selon votre besoin et votre projet : h\u00e9bergement continu (besoin d\u2019un accompagnement [&hellip;]\" \/>\n<meta property=\"og:url\" content=\"https:\/\/enagrom.ovh\/handiespoir\/nos-lieux-d-accueil-et-d-accompagnement\/eam-colibri\/\" \/>\n<meta property=\"og:site_name\" content=\"Handi-Espoir\" \/>\n<meta property=\"article:publisher\" content=\"https:\/\/www.facebook.com\/Association-Handi-Espoir-1609929219256524\/\" \/>\n<meta property=\"article:modified_time\" content=\"2022-05-04T12:38:12+00:00\" \/>\n<meta property=\"og:image\" content=\"https:\/\/enagrom.ovh\/handiespoir\/wp-content\/uploads\/2021\/06\/Virginie-150x150.jpg\" \/>\n<meta name=\"twitter:card\" content=\"summary_large_image\" \/>\n<meta name=\"twitter:label1\" content=\"Dur\u00e9e de lecture estim\u00e9e\" \/>\n\t<meta name=\"twitter:data1\" content=\"6 minutes\" \/>\n<script type=\"application\/ld+json\" class=\"yoast-schema-graph\">{\"@context\":\"https:\\\/\\\/schema.org\",\"@graph\":[{\"@type\":\"WebPage\",\"@id\":\"https:\\\/\\\/enagrom.ovh\\\/handiespoir\\\/nos-lieux-d-accueil-et-d-accompagnement\\\/eam-colibri\\\/\",\"url\":\"https:\\\/\\\/enagrom.ovh\\\/handiespoir\\\/nos-lieux-d-accueil-et-d-accompagnement\\\/eam-colibri\\\/\",\"name\":\"L'EAM COLIBRI - Handi-Espoir\",\"isPartOf\":{\"@id\":\"https:\\\/\\\/enagrom.ovh\\\/handiespoir\\\/#website\"},\"primaryImageOfPage\":{\"@id\":\"https:\\\/\\\/enagrom.ovh\\\/handiespoir\\\/nos-lieux-d-accueil-et-d-accompagnement\\\/eam-colibri\\\/#primaryimage\"},\"image\":{\"@id\":\"https:\\\/\\\/enagrom.ovh\\\/handiespoir\\\/nos-lieux-d-accueil-et-d-accompagnement\\\/eam-colibri\\\/#primaryimage\"},\"thumbnailUrl\":\"https:\\\/\\\/enagrom.ovh\\\/handiespoir\\\/wp-content\\\/uploads\\\/2021\\\/06\\\/Virginie-150x150.jpg\",\"datePublished\":\"2021-06-08T20:20:27+00:00\",\"dateModified\":\"2022-05-04T12:38:12+00:00\",\"breadcrumb\":{\"@id\":\"https:\\\/\\\/enagrom.ovh\\\/handiespoir\\\/nos-lieux-d-accueil-et-d-accompagnement\\\/eam-colibri\\\/#breadcrumb\"},\"inLanguage\":\"fr-FR\",\"potentialAction\":[{\"@type\":\"ReadAction\",\"target\":[\"https:\\\/\\\/enagrom.ovh\\\/handiespoir\\\/nos-lieux-d-accueil-et-d-accompagnement\\\/eam-colibri\\\/\"]}]},{\"@type\":\"ImageObject\",\"inLanguage\":\"fr-FR\",\"@id\":\"https:\\\/\\\/enagrom.ovh\\\/handiespoir\\\/nos-lieux-d-accueil-et-d-accompagnement\\\/eam-colibri\\\/#primaryimage\",\"url\":\"https:\\\/\\\/enagrom.ovh\\\/handiespoir\\\/wp-content\\\/uploads\\\/2021\\\/06\\\/Virginie.jpg\",\"contentUrl\":\"https:\\\/\\\/enagrom.ovh\\\/handiespoir\\\/wp-content\\\/uploads\\\/2021\\\/06\\\/Virginie.jpg\",\"width\":1002,\"height\":1106,\"caption\":\"Photo de profil de Virginie\"},{\"@type\":\"BreadcrumbList\",\"@id\":\"https:\\\/\\\/enagrom.ovh\\\/handiespoir\\\/nos-lieux-d-accueil-et-d-accompagnement\\\/eam-colibri\\\/#breadcrumb\",\"itemListElement\":[{\"@type\":\"ListItem\",\"position\":1,\"name\":\"Accueil\",\"item\":\"https:\\\/\\\/enagrom.ovh\\\/handiespoir\\\/\"},{\"@type\":\"ListItem\",\"position\":2,\"name\":\"Nos lieux d&rsquo;accueil et d&rsquo;accompagnement\",\"item\":\"https:\\\/\\\/enagrom.ovh\\\/handiespoir\\\/nos-lieux-d-accueil-et-d-accompagnement\\\/\"},{\"@type\":\"ListItem\",\"position\":3,\"name\":\"L&rsquo;EAM COLIBRI\"}]},{\"@type\":\"WebSite\",\"@id\":\"https:\\\/\\\/enagrom.ovh\\\/handiespoir\\\/#website\",\"url\":\"https:\\\/\\\/enagrom.ovh\\\/handiespoir\\\/\",\"name\":\"Handi-Espoir\",\"description\":\"\u00catre au service des personnes handicap\u00e9es et de leurs proches\",\"publisher\":{\"@id\":\"https:\\\/\\\/enagrom.ovh\\\/handiespoir\\\/#organization\"},\"potentialAction\":[{\"@type\":\"SearchAction\",\"target\":{\"@type\":\"EntryPoint\",\"urlTemplate\":\"https:\\\/\\\/enagrom.ovh\\\/handiespoir\\\/?s={search_term_string}\"},\"query-input\":{\"@type\":\"PropertyValueSpecification\",\"valueRequired\":true,\"valueName\":\"search_term_string\"}}],\"inLanguage\":\"fr-FR\"},{\"@type\":\"Organization\",\"@id\":\"https:\\\/\\\/enagrom.ovh\\\/handiespoir\\\/#organization\",\"name\":\"Handi-Espoir\",\"url\":\"https:\\\/\\\/enagrom.ovh\\\/handiespoir\\\/\",\"logo\":{\"@type\":\"ImageObject\",\"inLanguage\":\"fr-FR\",\"@id\":\"https:\\\/\\\/enagrom.ovh\\\/handiespoir\\\/#\\\/schema\\\/logo\\\/image\\\/\",\"url\":\"https:\\\/\\\/enagrom.ovh\\\/handiespoir\\\/wp-content\\\/uploads\\\/2021\\\/05\\\/cropped-logo-handi-espoir.png\",\"contentUrl\":\"https:\\\/\\\/enagrom.ovh\\\/handiespoir\\\/wp-content\\\/uploads\\\/2021\\\/05\\\/cropped-logo-handi-espoir.png\",\"width\":537,\"height\":338,\"caption\":\"Handi-Espoir\"},\"image\":{\"@id\":\"https:\\\/\\\/enagrom.ovh\\\/handiespoir\\\/#\\\/schema\\\/logo\\\/image\\\/\"},\"sameAs\":[\"https:\\\/\\\/www.facebook.com\\\/Association-Handi-Espoir-1609929219256524\\\/\"]}]}<\/script>\n<!-- \/ Yoast SEO plugin. -->","yoast_head_json":{"title":"L'EAM COLIBRI - Handi-Espoir","robots":{"index":"index","follow":"follow","max-snippet":"max-snippet:-1","max-image-preview":"max-image-preview:large","max-video-preview":"max-video-preview:-1"},"canonical":"https:\/\/enagrom.ovh\/handiespoir\/nos-lieux-d-accueil-et-d-accompagnement\/eam-colibri\/","og_locale":"fr_FR","og_type":"article","og_title":"L'EAM COLIBRI - Handi-Espoir","og_description":"Virginie DELAVAUD DIRECTRICE 02 51 55 12 24v.delavaud@handiespoir.fr Adresse Rue de Primev\u00e8res85220 CO\u00cbX Foyer de vie : Le val Fleuri Foyer de vie partiellement m\u00e9dicalis\u00e9 pour adultes en situation de handicap physique avec ou sans troubles associ\u00e9s.Il vous est propos\u00e9 diff\u00e9rentes solutions d\u2019h\u00e9bergement selon votre besoin et votre projet : h\u00e9bergement continu (besoin d\u2019un accompagnement [&hellip;]","og_url":"https:\/\/enagrom.ovh\/handiespoir\/nos-lieux-d-accueil-et-d-accompagnement\/eam-colibri\/","og_site_name":"Handi-Espoir","article_publisher":"https:\/\/www.facebook.com\/Association-Handi-Espoir-1609929219256524\/","article_modified_time":"2022-05-04T12:38:12+00:00","og_image":[{"url":"https:\/\/enagrom.ovh\/handiespoir\/wp-content\/uploads\/2021\/06\/Virginie-150x150.jpg","type":"","width":"","height":""}],"twitter_card":"summary_large_image","twitter_misc":{"Dur\u00e9e de lecture estim\u00e9e":"6 minutes"},"schema":{"@context":"https:\/\/schema.org","@graph":[{"@type":"WebPage","@id":"https:\/\/enagrom.ovh\/handiespoir\/nos-lieux-d-accueil-et-d-accompagnement\/eam-colibri\/","url":"https:\/\/enagrom.ovh\/handiespoir\/nos-lieux-d-accueil-et-d-accompagnement\/eam-colibri\/","name":"L'EAM COLIBRI - Handi-Espoir","isPartOf":{"@id":"https:\/\/enagrom.ovh\/handiespoir\/#website"},"primaryImageOfPage":{"@id":"https:\/\/enagrom.ovh\/handiespoir\/nos-lieux-d-accueil-et-d-accompagnement\/eam-colibri\/#primaryimage"},"image":{"@id":"https:\/\/enagrom.ovh\/handiespoir\/nos-lieux-d-accueil-et-d-accompagnement\/eam-colibri\/#primaryimage"},"thumbnailUrl":"https:\/\/enagrom.ovh\/handiespoir\/wp-content\/uploads\/2021\/06\/Virginie-150x150.jpg","datePublished":"2021-06-08T20:20:27+00:00","dateModified":"2022-05-04T12:38:12+00:00","breadcrumb":{"@id":"https:\/\/enagrom.ovh\/handiespoir\/nos-lieux-d-accueil-et-d-accompagnement\/eam-colibri\/#breadcrumb"},"inLanguage":"fr-FR","potentialAction":[{"@type":"ReadAction","target":["https:\/\/enagrom.ovh\/handiespoir\/nos-lieux-d-accueil-et-d-accompagnement\/eam-colibri\/"]}]},{"@type":"ImageObject","inLanguage":"fr-FR","@id":"https:\/\/enagrom.ovh\/handiespoir\/nos-lieux-d-accueil-et-d-accompagnement\/eam-colibri\/#primaryimage","url":"https:\/\/enagrom.ovh\/handiespoir\/wp-content\/uploads\/2021\/06\/Virginie.jpg","contentUrl":"https:\/\/enagrom.ovh\/handiespoir\/wp-content\/uploads\/2021\/06\/Virginie.jpg","width":1002,"height":1106,"caption":"Photo de profil de Virginie"},{"@type":"BreadcrumbList","@id":"https:\/\/enagrom.ovh\/handiespoir\/nos-lieux-d-accueil-et-d-accompagnement\/eam-colibri\/#breadcrumb","itemListElement":[{"@type":"ListItem","position":1,"name":"Accueil","item":"https:\/\/enagrom.ovh\/handiespoir\/"},{"@type":"ListItem","position":2,"name":"Nos lieux d&rsquo;accueil et d&rsquo;accompagnement","item":"https:\/\/enagrom.ovh\/handiespoir\/nos-lieux-d-accueil-et-d-accompagnement\/"},{"@type":"ListItem","position":3,"name":"L&rsquo;EAM COLIBRI"}]},{"@type":"WebSite","@id":"https:\/\/enagrom.ovh\/handiespoir\/#website","url":"https:\/\/enagrom.ovh\/handiespoir\/","name":"Handi-Espoir","description":"\u00catre au service des personnes handicap\u00e9es et de leurs proches","publisher":{"@id":"https:\/\/enagrom.ovh\/handiespoir\/#organization"},"potentialAction":[{"@type":"SearchAction","target":{"@type":"EntryPoint","urlTemplate":"https:\/\/enagrom.ovh\/handiespoir\/?s={search_term_string}"},"query-input":{"@type":"PropertyValueSpecification","valueRequired":true,"valueName":"search_term_string"}}],"inLanguage":"fr-FR"},{"@type":"Organization","@id":"https:\/\/enagrom.ovh\/handiespoir\/#organization","name":"Handi-Espoir","url":"https:\/\/enagrom.ovh\/handiespoir\/","logo":{"@type":"ImageObject","inLanguage":"fr-FR","@id":"https:\/\/enagrom.ovh\/handiespoir\/#\/schema\/logo\/image\/","url":"https:\/\/enagrom.ovh\/handiespoir\/wp-content\/uploads\/2021\/05\/cropped-logo-handi-espoir.png","contentUrl":"https:\/\/enagrom.ovh\/handiespoir\/wp-content\/uploads\/2021\/05\/cropped-logo-handi-espoir.png","width":537,"height":338,"caption":"Handi-Espoir"},"image":{"@id":"https:\/\/enagrom.ovh\/handiespoir\/#\/schema\/logo\/image\/"},"sameAs":["https:\/\/www.facebook.com\/Association-Handi-Espoir-1609929219256524\/"]}]}},"_links":{"self":[{"href":"https:\/\/enagrom.ovh\/handiespoir\/wp-json\/wp\/v2\/pages\/396","targetHints":{"allow":["GET"]}}],"collection":[{"href":"https:\/\/enagrom.ovh\/handiespoir\/wp-json\/wp\/v2\/pages"}],"about":[{"href":"https:\/\/enagrom.ovh\/handiespoir\/wp-json\/wp\/v2\/types\/page"}],"author":[{"embeddable":true,"href":"https:\/\/enagrom.ovh\/handiespoir\/wp-json\/wp\/v2\/users\/2"}],"replies":[{"embeddable":true,"href":"https:\/\/enagrom.ovh\/handiespoir\/wp-json\/wp\/v2\/comments?post=396"}],"version-history":[{"count":0,"href":"https:\/\/enagrom.ovh\/handiespoir\/wp-json\/wp\/v2\/pages\/396\/revisions"}],"up":[{"embeddable":true,"href":"https:\/\/enagrom.ovh\/handiespoir\/wp-json\/wp\/v2\/pages\/5"}],"wp:attachment":[{"href":"https:\/\/enagrom.ovh\/handiespoir\/wp-json\/wp\/v2\/media?parent=396"}],"curies":[{"name":"wp","href":"https:\/\/api.w.org\/{rel}","templated":true}]}}